{"id":1256,"date":"2023-06-30T13:11:22","date_gmt":"2023-06-30T17:11:22","guid":{"rendered":"https:\/\/montrealirishmonument.com\/evenement-de-remerciement-23-aout-2023-17h-a-19h\/"},"modified":"2023-07-01T10:14:43","modified_gmt":"2023-07-01T14:14:43","slug":"eventrsvp","status":"publish","type":"page","link":"https:\/\/montrealirishmonument.com\/fr\/eventrsvp\/","title":{"rendered":"\u00c9v\u00e9nement de remerciement &#8211; 23 ao\u00fbt 2023 &#8211; 17h \u00e0 19h"},"content":{"rendered":"<p>[et_pb_section fb_built=\u00a0\u00bb1&Prime; admin_label=\u00a0\u00bbsection\u00a0\u00bb module_class=\u00a0\u00bbwpt-divi-forms wpt-divi-forms wpt-divi-forms wpt-divi-forms\u00a0\u00bb _builder_version=\u00a0\u00bb3.22&Prime;][et_pb_row admin_label=\u00a0\u00bbrang\u00e9e\u00a0\u00bb _builder_version=\u00a0\u00bb3.25&Prime; background_size=\u00a0\u00bbinitial\u00a0\u00bb background_position=\u00a0\u00bbtop_left\u00a0\u00bb background_repeat=\u00a0\u00bbrepeat\u00a0\u00bb][et_pb_column type=\u00a0\u00bb4_4&Prime; _builder_version=\u00a0\u00bb3.25&Prime; custom_padding=\u00a0\u00bb|||\u00a0\u00bb custom_padding__hover=\u00a0\u00bb|||\u00a0\u00bb][et_pb_text admin_label=\u00a0\u00bbText\u00a0\u00bb _builder_version=\u00a0\u00bb4.9.10&Prime; background_size=\u00a0\u00bbinitial\u00a0\u00bb background_position=\u00a0\u00bbtop_left\u00a0\u00bb background_repeat=\u00a0\u00bbrepeat\u00a0\u00bb]<\/p>\n<h1 class=\"has-medium-font-size\" style=\"text-align: center;\"><strong>\u00c9v\u00e9nement de remerciement &#8211; 23 ao\u00fbt 2023 &#8211; 17h \u00e0 19h<\/strong><\/h1>\n<p class=\"has-medium-font-size\" style=\"text-align: center;\"><strong>Veuillez confirmer votre pr\u00e9sence \u00e0 notre \u00c9v\u00e9nement de remerciement<\/strong><\/p>\n<p>[\/et_pb_text][et_pb_contact_form captcha=\u00a0\u00bboff\u00a0\u00bb email=\u00a0\u00bbinfo@ferguskeyes.com, bscottphelan@gmail.com, jeff.legault@rogers.com\u00a0\u00bb custom_message=\u00a0\u00bbName: %%Name%%||et_pb_line_break_holder||Email: %%Email%%||et_pb_line_break_holder||Attending: %%Attending%%||et_pb_line_break_holder||Comments: ||et_pb_line_break_holder||%%Comments%%||et_pb_line_break_holder||\u00a0\u00bb success_message=\u00a0\u00bbMerci pour votre R.S.V.P. \u00e0 notre \u00c9v\u00e9nement de remerciement.\u00a0\u00bb _builder_version=\u00a0\u00bb4.9.10&Prime; _module_preset=\u00a0\u00bbdefault\u00a0\u00bb hover_enabled=\u00a0\u00bb0&Prime; sticky_enabled=\u00a0\u00bb0&Prime;][et_pb_contact_field field_id=\u00a0\u00bbName\u00a0\u00bb field_title=\u00a0\u00bbNom\u00a0\u00bb _builder_version=\u00a0\u00bb3.16&Prime; button_text_size__hover_enabled=\u00a0\u00bboff\u00a0\u00bb button_one_text_size__hover_enabled=\u00a0\u00bboff\u00a0\u00bb button_two_text_size__hover_enabled=\u00a0\u00bboff\u00a0\u00bb button_text_color__hover_enabled=\u00a0\u00bboff\u00a0\u00bb button_one_text_color__hover_enabled=\u00a0\u00bboff\u00a0\u00bb button_two_text_color__hover_enabled=\u00a0\u00bboff\u00a0\u00bb button_border_width__hover_enabled=\u00a0\u00bboff\u00a0\u00bb button_one_border_width__hover_enabled=\u00a0\u00bboff\u00a0\u00bb button_two_border_width__hover_enabled=\u00a0\u00bboff\u00a0\u00bb button_border_color__hover_enabled=\u00a0\u00bboff\u00a0\u00bb button_one_border_color__hover_enabled=\u00a0\u00bboff\u00a0\u00bb button_two_border_color__hover_enabled=\u00a0\u00bboff\u00a0\u00bb button_border_radius__hover_enabled=\u00a0\u00bboff\u00a0\u00bb button_one_border_radius__hover_enabled=\u00a0\u00bboff\u00a0\u00bb button_two_border_radius__hover_enabled=\u00a0\u00bboff\u00a0\u00bb button_letter_spacing__hover_enabled=\u00a0\u00bboff\u00a0\u00bb button_one_letter_spacing__hover_enabled=\u00a0\u00bboff\u00a0\u00bb button_two_letter_spacing__hover_enabled=\u00a0\u00bboff\u00a0\u00bb button_bg_color__hover_enabled=\u00a0\u00bboff\u00a0\u00bb button_one_bg_color__hover_enabled=\u00a0\u00bboff\u00a0\u00bb button_two_bg_color__hover_enabled=\u00a0\u00bboff\u00a0\u00bb][\/et_pb_contact_field][et_pb_contact_field field_id=\u00a0\u00bbEmail\u00a0\u00bb field_title=\u00a0\u00bbAdresse courriel\u00a0\u00bb field_type=\u00a0\u00bbemail\u00a0\u00bb _builder_version=\u00a0\u00bb4.9.10&Prime; button_text_size__hover_enabled=\u00a0\u00bboff\u00a0\u00bb button_one_text_size__hover_enabled=\u00a0\u00bboff\u00a0\u00bb button_two_text_size__hover_enabled=\u00a0\u00bboff\u00a0\u00bb button_text_color__hover_enabled=\u00a0\u00bboff\u00a0\u00bb button_one_text_color__hover_enabled=\u00a0\u00bboff\u00a0\u00bb button_two_text_color__hover_enabled=\u00a0\u00bboff\u00a0\u00bb button_border_width__hover_enabled=\u00a0\u00bboff\u00a0\u00bb button_one_border_width__hover_enabled=\u00a0\u00bboff\u00a0\u00bb button_two_border_width__hover_enabled=\u00a0\u00bboff\u00a0\u00bb button_border_color__hover_enabled=\u00a0\u00bboff\u00a0\u00bb button_one_border_color__hover_enabled=\u00a0\u00bboff\u00a0\u00bb button_two_border_color__hover_enabled=\u00a0\u00bboff\u00a0\u00bb button_border_radius__hover_enabled=\u00a0\u00bboff\u00a0\u00bb button_one_border_radius__hover_enabled=\u00a0\u00bboff\u00a0\u00bb button_two_border_radius__hover_enabled=\u00a0\u00bboff\u00a0\u00bb button_letter_spacing__hover_enabled=\u00a0\u00bboff\u00a0\u00bb button_one_letter_spacing__hover_enabled=\u00a0\u00bboff\u00a0\u00bb button_two_letter_spacing__hover_enabled=\u00a0\u00bboff\u00a0\u00bb button_bg_color__hover_enabled=\u00a0\u00bboff\u00a0\u00bb button_one_bg_color__hover_enabled=\u00a0\u00bboff\u00a0\u00bb button_two_bg_color__hover_enabled=\u00a0\u00bboff\u00a0\u00bb][\/et_pb_contact_field][et_pb_contact_field field_id=\u00a0\u00bbAttending\u00a0\u00bb field_title=\u00a0\u00bbJe participerai\u00a0\u00bb field_type=\u00a0\u00bbradio\u00a0\u00bb radio_options=\u00a0\u00bb%91{%22value%22:%22Oui%22,%22checked%22:0,%22dragID%22:-1},{%22value%22:%22Non%22,%22checked%22:0,%22dragID%22:0}%93&Prime; fullwidth_field=\u00a0\u00bbon\u00a0\u00bb _builder_version=\u00a0\u00bb4.9.10&Prime; _module_preset=\u00a0\u00bbdefault\u00a0\u00bb hover_enabled=\u00a0\u00bb0&Prime; sticky_enabled=\u00a0\u00bb0&Prime;][\/et_pb_contact_field][et_pb_contact_field field_id=\u00a0\u00bbComments\u00a0\u00bb field_title=\u00a0\u00bbCommentaires\/questions\u00a0\u00bb field_type=\u00a0\u00bbtext\u00a0\u00bb required_mark=\u00a0\u00bboff\u00a0\u00bb fullwidth_field=\u00a0\u00bbon\u00a0\u00bb _builder_version=\u00a0\u00bb4.9.10&Prime; _module_preset=\u00a0\u00bbdefault\u00a0\u00bb hover_enabled=\u00a0\u00bb0&Prime; sticky_enabled=\u00a0\u00bb0&Prime;][\/et_pb_contact_field][\/et_pb_contact_form][\/et_pb_column][\/et_pb_row][\/et_pb_section]<\/p>\n","protected":false},"excerpt":{"rendered":"<p>\u00c9v\u00e9nement de remerciement &#8211; 23 ao\u00fbt 2023 &#8211; 17h \u00e0 19h Veuillez confirmer votre pr\u00e9sence \u00e0 notre \u00c9v\u00e9nement de remerciement<\/p>\n","protected":false},"author":4,"featured_media":0,"parent":0,"menu_order":0,"comment_status":"closed","ping_status":"closed","template":"","meta":{"_et_pb_use_builder":"on","_et_pb_old_content":"","_et_gb_content_width":"","footnotes":""},"difl_page_category":[],"class_list":["post-1256","page","type-page","status-publish","hentry"],"_links":{"self":[{"href":"https:\/\/montrealirishmonument.com\/fr\/wp-json\/wp\/v2\/pages\/1256","targetHints":{"allow":["GET"]}}],"collection":[{"href":"https:\/\/montrealirishmonument.com\/fr\/wp-json\/wp\/v2\/pages"}],"about":[{"href":"https:\/\/montrealirishmonument.com\/fr\/wp-json\/wp\/v2\/types\/page"}],"author":[{"embeddable":true,"href":"https:\/\/montrealirishmonument.com\/fr\/wp-json\/wp\/v2\/users\/4"}],"replies":[{"embeddable":true,"href":"https:\/\/montrealirishmonument.com\/fr\/wp-json\/wp\/v2\/comments?post=1256"}],"version-history":[{"count":3,"href":"https:\/\/montrealirishmonument.com\/fr\/wp-json\/wp\/v2\/pages\/1256\/revisions"}],"predecessor-version":[{"id":1266,"href":"https:\/\/montrealirishmonument.com\/fr\/wp-json\/wp\/v2\/pages\/1256\/revisions\/1266"}],"wp:attachment":[{"href":"https:\/\/montrealirishmonument.com\/fr\/wp-json\/wp\/v2\/media?parent=1256"}],"wp:term":[{"taxonomy":"difl_page_category","embeddable":true,"href":"https:\/\/montrealirishmonument.com\/fr\/wp-json\/wp\/v2\/difl_page_category?post=1256"}],"curies":[{"name":"wp","href":"https:\/\/api.w.org\/{rel}","templated":true}]}}