{"id":1259,"date":"2023-06-30T15:03:57","date_gmt":"2023-06-30T19:03:57","guid":{"rendered":"https:\/\/montrealirishmonument.com\/merci\/"},"modified":"2023-07-01T10:13:07","modified_gmt":"2023-07-01T14:13:07","slug":"merci","status":"publish","type":"page","link":"https:\/\/montrealirishmonument.com\/fr\/merci\/","title":{"rendered":"Merci!"},"content":{"rendered":"<p>[et_pb_section fb_built=\u00a0\u00bb1&Prime; admin_label=\u00a0\u00bbsection\u00a0\u00bb module_class=\u00a0\u00bbwpt-divi-forms wpt-divi-forms wpt-divi-forms wpt-divi-forms wpt-divi-forms\u00a0\u00bb _builder_version=\u00a0\u00bb3.22&Prime;][et_pb_row admin_label=\u00a0\u00bbrang\u00e9e\u00a0\u00bb _builder_version=\u00a0\u00bb3.25&Prime; background_size=\u00a0\u00bbinitial\u00a0\u00bb background_position=\u00a0\u00bbtop_left\u00a0\u00bb background_repeat=\u00a0\u00bbrepeat\u00a0\u00bb hover_enabled=\u00a0\u00bb0&Prime; sticky_enabled=\u00a0\u00bb0&Prime;][et_pb_column type=\u00a0\u00bb4_4&Prime; _builder_version=\u00a0\u00bb3.25&Prime; custom_padding=\u00a0\u00bb|||\u00a0\u00bb custom_padding__hover=\u00a0\u00bb|||\u00a0\u00bb][et_pb_text admin_label=\u00a0\u00bbText\u00a0\u00bb _builder_version=\u00a0\u00bb3.27.4&Prime; background_size=\u00a0\u00bbinitial\u00a0\u00bb background_position=\u00a0\u00bbtop_left\u00a0\u00bb background_repeat=\u00a0\u00bbrepeat\u00a0\u00bb]<\/p>\n<p class=\"has-text-color has-medium-font-size\" style=\"color: #1f6647;\"><strong>Vous \u00eates chaleureusement invit\u00e9(e) \u00e0 un \u00e9v\u00e9nement exclusif en t\u00e9moignage de notre gratitude pour votre soutien dans la cr\u00e9ation d&rsquo;un espace comm\u00e9moratif de classe mondiale autour du Black Rock \u00e0 Montr\u00e9al.<\/strong><\/p>\n<h2 class=\"wp-block-heading has-text-align-center has-text-color has-medium-font-size\" style=\"color: #1f6647;\">MERCREDI 23 AO\u00dbT 2023 17H \u00c0 19H<\/h2>\n<p class=\"has-text-color has-medium-font-size\" style=\"color: #1f6647;\">Nous comptons sur votre pr\u00e9sence pour cette occasion sp\u00e9ciale o\u00f9 nous vous fournirons une br\u00e8ve mise \u00e0 jour du projet, en partageant les progr\u00e8s remarquables r\u00e9alis\u00e9s jusqu&rsquo;\u00e0 pr\u00e9sent. De plus, vous aurez l&rsquo;opportunit\u00e9 d&rsquo;\u00e9changer avec nos partenaires, les membres du conseil d&rsquo;administration, les membres de la fondation, les conseillers et les m\u00e9c\u00e8nes, favorisant ainsi des \u00e9changes significatifs et des conversations inspirantes.<\/p>\n<p class=\"has-text-color has-medium-font-size\" style=\"color: #1f6647;\">Nous esp\u00e9rons vous compter parmi nous \u00e0 cette r\u00e9union et appr\u00e9cions votre r\u00e9ponse rapide. <strong><a href=\"https:\/\/montrealirishmonument.com\/fr\/eventrsvp\">Veuillez utiliser notre formulaire R.S.V.P<\/a><\/strong> pour indiquer votre pr\u00e9sence.<\/p>\n<p class=\"has-text-color has-medium-font-size\" style=\"color: #1f6647;\">Club Saint-James de Montr\u00e9al<br \/>1145 Av. Union, Montr\u00e9al, Qu\u00e9bec H3B 3C2<\/p>\n<figure class=\"wp-block-image aligncenter size-large is-resized\"><img loading=\"lazy\" decoding=\"async\" src=\"https:\/\/montrealirishmonument.com\/wp-content\/uploads\/2023\/06\/logoCSJ-fondtransparent-1024x892.png\" alt=\"\" class=\"wp-image-1241\" width=\"241\" height=\"210\" \/><\/figure>\n<p>[\/et_pb_text][\/et_pb_column][\/et_pb_row][\/et_pb_section]<\/p>\n","protected":false},"excerpt":{"rendered":"<p>Vous \u00eates chaleureusement invit\u00e9(e) \u00e0 un \u00e9v\u00e9nement exclusif en t\u00e9moignage de notre gratitude pour votre soutien dans la cr\u00e9ation d&rsquo;un espace comm\u00e9moratif de classe mondiale autour du Black Rock \u00e0 Montr\u00e9al. MERCREDI 23 AO\u00dbT 2023 17H \u00c0 19H Nous comptons sur votre pr\u00e9sence pour cette occasion sp\u00e9ciale o\u00f9 nous vous fournirons une br\u00e8ve mise \u00e0 [&hellip;]<\/p>\n","protected":false},"author":4,"featured_media":0,"parent":0,"menu_order":0,"comment_status":"closed","ping_status":"closed","template":"","meta":{"_et_pb_use_builder":"on","_et_pb_old_content":"","_et_gb_content_width":"","footnotes":""},"difl_page_category":[],"class_list":["post-1259","page","type-page","status-publish","hentry"],"_links":{"self":[{"href":"https:\/\/montrealirishmonument.com\/fr\/wp-json\/wp\/v2\/pages\/1259","targetHints":{"allow":["GET"]}}],"collection":[{"href":"https:\/\/montrealirishmonument.com\/fr\/wp-json\/wp\/v2\/pages"}],"about":[{"href":"https:\/\/montrealirishmonument.com\/fr\/wp-json\/wp\/v2\/types\/page"}],"author":[{"embeddable":true,"href":"https:\/\/montrealirishmonument.com\/fr\/wp-json\/wp\/v2\/users\/4"}],"replies":[{"embeddable":true,"href":"https:\/\/montrealirishmonument.com\/fr\/wp-json\/wp\/v2\/comments?post=1259"}],"version-history":[{"count":4,"href":"https:\/\/montrealirishmonument.com\/fr\/wp-json\/wp\/v2\/pages\/1259\/revisions"}],"predecessor-version":[{"id":1265,"href":"https:\/\/montrealirishmonument.com\/fr\/wp-json\/wp\/v2\/pages\/1259\/revisions\/1265"}],"wp:attachment":[{"href":"https:\/\/montrealirishmonument.com\/fr\/wp-json\/wp\/v2\/media?parent=1259"}],"wp:term":[{"taxonomy":"difl_page_category","embeddable":true,"href":"https:\/\/montrealirishmonument.com\/fr\/wp-json\/wp\/v2\/difl_page_category?post=1259"}],"curies":[{"name":"wp","href":"https:\/\/api.w.org\/{rel}","templated":true}]}}