{"id":953,"date":"2022-06-01T21:28:16","date_gmt":"2022-06-02T01:28:16","guid":{"rendered":"https:\/\/montrealirishmonument.com\/partenaires\/"},"modified":"2022-12-29T19:51:50","modified_gmt":"2022-12-30T00:51:50","slug":"partenaires","status":"publish","type":"page","link":"https:\/\/montrealirishmonument.com\/fr\/partenaires\/","title":{"rendered":"Partenaires"},"content":{"rendered":"<p>[et_pb_section fb_built=\u00a0\u00bb1&Prime; admin_label=\u00a0\u00bbHero\u00a0\u00bb _builder_version=\u00a0\u00bb3.22&Prime; use_background_color_gradient=\u00a0\u00bbon\u00a0\u00bb background_color_gradient_start=\u00a0\u00bbrgba(240,242,246,0.5)\u00a0\u00bb background_color_gradient_end=\u00a0\u00bbrgba(255,255,255,0)\u00a0\u00bb background_color_gradient_direction=\u00a0\u00bb90deg\u00a0\u00bb custom_padding=\u00a0\u00bb0|0px|0|0px|false|false\u00a0\u00bb][et_pb_row column_structure=\u00a0\u00bb1_2,1_2&Prime; padding_top_bottom_link_1=\u00a0\u00bbtrue\u00a0\u00bb _builder_version=\u00a0\u00bb3.25&Prime; custom_padding=\u00a0\u00bb0|0px|0|0px|false|false\u00a0\u00bb][et_pb_column type=\u00a0\u00bb1_2&Prime; _builder_version=\u00a0\u00bb3.25&Prime; background_color_gradient_direction=\u00a0\u00bb270deg\u00a0\u00bb custom_padding=\u00a0\u00bb6vw||6vw|\u00a0\u00bb custom_padding_tablet=\u00a0\u00bb|5%||5%||true\u00a0\u00bb custom_padding_phone=\u00a0\u00bb|7%||7%||true\u00a0\u00bb padding_phone=\u00a0\u00bb|7%||7%||true\u00a0\u00bb padding_tablet=\u00a0\u00bb|5%||5%||true\u00a0\u00bb custom_padding__hover=\u00a0\u00bb|||\u00a0\u00bb][et_pb_text _builder_version=\u00a0\u00bb4.9.10&Prime; text_font=\u00a0\u00bb||||||||\u00a0\u00bb text_font_size=\u00a0\u00bb18px\u00a0\u00bb text_line_height=\u00a0\u00bb1.8em\u00a0\u00bb header_font=\u00a0\u00bbPlayfair Display|700|||||||\u00a0\u00bb header_font_size=\u00a0\u00bb70px\u00a0\u00bb header_line_height=\u00a0\u00bb1.5em\u00a0\u00bb header_3_font=\u00a0\u00bbLato|700||on|||||\u00a0\u00bb header_3_text_color=\u00a0\u00bb#006837&Prime; header_3_font_size=\u00a0\u00bb20px\u00a0\u00bb header_3_line_height=\u00a0\u00bb1.5em\u00a0\u00bb custom_margin=\u00a0\u00bb|||\u00a0\u00bb header_font_size_tablet=\u00a0\u00bb50px\u00a0\u00bb header_font_size_phone=\u00a0\u00bb32px\u00a0\u00bb header_font_size_last_edited=\u00a0\u00bbon|tablet\u00a0\u00bb header_3_font_size_tablet=\u00a0\u00bb50px\u00a0\u00bb header_3_font_size_phone=\u00a0\u00bb32px\u00a0\u00bb header_3_font_size_last_edited=\u00a0\u00bboff|desktop\u00a0\u00bb locked=\u00a0\u00bboff\u00a0\u00bb inline_fonts=\u00a0\u00bbRoboto\u00a0\u00bb]<\/p>\n<h1><strong><span style=\"font-family: Roboto;\">Partenaires<\/span><\/strong><\/h1>\n<h3><span>FONDATION DU PARC COMM\u00c9MORATIF IRLANDAIS DE MONTR\u00c9AL<\/span><\/h3>\n<p><span style=\"font-size: 18px;\">Un projet visant \u00e0 construire un magnifique parc comm\u00e9moratif de classe mondiale et un espace vert culturel du c\u00f4t\u00e9 montr\u00e9alais du pont Victoria, autour du Rocher Noir<\/span><\/p>\n<p>Cet espace comm\u00e9morera les plus de 6000 immigrants irlandais, fuyant la grande famine en Irlande, qui sont morts et ont \u00e9t\u00e9 enterr\u00e9s dans cette zone en 1847.<\/p>\n<p>[\/et_pb_text][\/et_pb_column][et_pb_column type=\u00a0\u00bb1_2&Prime; _builder_version=\u00a0\u00bb3.25&Prime; custom_padding=\u00a0\u00bb|||\u00a0\u00bb custom_padding_tablet=\u00a0\u00bb|0px||0px|false|true\u00a0\u00bb padding_tablet=\u00a0\u00bb|0px||0px|false|true\u00a0\u00bb custom_padding__hover=\u00a0\u00bb|||\u00a0\u00bb][et_pb_image src=\u00a0\u00bbhttps:\/\/montrealirishmonument.com\/wp-content\/uploads\/2021\/12\/MontrealIrishMonument.jpg\u00a0\u00bb title_text=\u00a0\u00bbMONUMENT IRLANDAIS DE MONTR\u00c9AL\u00a0\u00bb align_tablet=\u00a0\u00bbcenter\u00a0\u00bb align_phone=\u00a0\u00bb\u00a0\u00bb align_last_edited=\u00a0\u00bbon|desktop\u00a0\u00bb _builder_version=\u00a0\u00bb4.9.10&Prime; use_background_color_gradient=\u00a0\u00bbon\u00a0\u00bb background_color_gradient_start=\u00a0\u00bb#006837&Prime; background_color_gradient_end=\u00a0\u00bbrgba(240,242,246,0)\u00a0\u00bb background_color_gradient_start_position=\u00a0\u00bb25%\u00a0\u00bb background_color_gradient_end_position=\u00a0\u00bb25%\u00a0\u00bb max_width_last_edited=\u00a0\u00bboff|desktop\u00a0\u00bb custom_padding=\u00a0\u00bb|||60px\u00a0\u00bb animation_style=\u00a0\u00bbslide\u00a0\u00bb animation_direction=\u00a0\u00bbtop\u00a0\u00bb animation_intensity_slide=\u00a0\u00bb1%\u00a0\u00bb box_shadow_style=\u00a0\u00bbpreset4&Prime; box_shadow_horizontal=\u00a0\u00bb120px\u00a0\u00bb box_shadow_vertical=\u00a0\u00bb120px\u00a0\u00bb box_shadow_spread=\u00a0\u00bb-60px\u00a0\u00bb box_shadow_color=\u00a0\u00bb#f0f2f6&Prime;][\/et_pb_image][\/et_pb_column][\/et_pb_row][\/et_pb_section][et_pb_section fb_built=\u00a0\u00bb1&Prime; _builder_version=\u00a0\u00bb4.9.10&Prime; _module_preset=\u00a0\u00bbdefault\u00a0\u00bb][et_pb_row column_structure=\u00a0\u00bb2_5,3_5&Prime; _builder_version=\u00a0\u00bb4.9.10&Prime; _module_preset=\u00a0\u00bbdefault\u00a0\u00bb][et_pb_column type=\u00a0\u00bb2_5&Prime; _builder_version=\u00a0\u00bb4.9.10&Prime; _module_preset=\u00a0\u00bbdefault\u00a0\u00bb][et_pb_image src=\u00a0\u00bbhttps:\/\/montrealirishmonument.com\/wp-content\/uploads\/2022\/06\/Hydro_Quebec_3x.png\u00a0\u00bb title_text=\u00a0\u00bbHydro_Quebec_3x\u00a0\u00bb _builder_version=\u00a0\u00bb4.9.10&Prime; _module_preset=\u00a0\u00bbdefault\u00a0\u00bb][\/et_pb_image][\/et_pb_column][et_pb_column type=\u00a0\u00bb3_5&Prime; _builder_version=\u00a0\u00bb4.9.10&Prime; _module_preset=\u00a0\u00bbdefault\u00a0\u00bb][et_pb_text _builder_version=\u00a0\u00bb4.9.10&Prime; _module_preset=\u00a0\u00bbdefault\u00a0\u00bb]<\/p>\n<h2>Hydro Qu\u00e9bec<\/h2>\n<p>[\/et_pb_text][et_pb_text _builder_version=\u00a0\u00bb4.9.10&Prime; _module_preset=\u00a0\u00bbdefault\u00a0\u00bb custom_margin=\u00a0\u00bb-2px|||||\u00a0\u00bb custom_padding=\u00a0\u00bb0px|||||\u00a0\u00bb]<\/p>\n<p>Hydro-Qu\u00e9bec et la Ville de Montr\u00e9al honorent la m\u00e9moire des immigrants irlandais Hydro-Qu\u00e9bec et la Ville de Montr\u00e9al ont \u00e9tabli un partenariat avec la communaut\u00e9 irlandaise de la ville afin de cr\u00e9er un site pour honorer la m\u00e9moire des 6 000 immigrants irlandais morts du typhus en 1847. Lire le communiqu\u00e9 de presse<\/p>\n<p>Depuis 2017, Hydro-Qu\u00e9bec, Montr\u00e9al et des repr\u00e9sentants de la communaut\u00e9 irlandaise collaborent au sein d&rsquo;un comit\u00e9 tripartite pour planifier les \u00e9tapes cl\u00e9s menant \u00e0 l&rsquo;am\u00e9nagement d&rsquo;un site de comm\u00e9moration int\u00e9gr\u00e9 aux projets men\u00e9s par Hydro-Qu\u00e9bec et la Ville.<br \/>Concr\u00e8tement, dans le cadre de la construction du poste \u00ab\u00a0Des Irlandais\u00ab\u00a0, qui sera mis en service en 2024, Hydro-Qu\u00e9bec c\u00e9dera une partie de son terrain \u00e0 la Fondation du Parc du Monument Irlandais de Montr\u00e9al pour le site de comm\u00e9moration. <br \/>Dans le cadre du plan de d\u00e9veloppement de la ville pour le secteur Bridge-Bonaventure, Montr\u00e9al d\u00e9placera la rue Bridge et l&#8217;emprise actuelle pour cr\u00e9er un espace pour le m\u00e9morial irlandais.<\/p>\n<p>[\/et_pb_text][\/et_pb_column][\/et_pb_row][et_pb_row column_structure=\u00a0\u00bb2_5,3_5&Prime; _builder_version=\u00a0\u00bb4.9.10&Prime; _module_preset=\u00a0\u00bbdefault\u00a0\u00bb][et_pb_column type=\u00a0\u00bb2_5&Prime; _builder_version=\u00a0\u00bb4.9.10&Prime; _module_preset=\u00a0\u00bbdefault\u00a0\u00bb][et_pb_image src=\u00a0\u00bbhttps:\/\/montrealirishmonument.com\/wp-content\/uploads\/2022\/06\/VDM-Logo-V2.jpg\u00a0\u00bb title_text=\u00a0\u00bbVDM Logo V2&Prime; _builder_version=\u00a0\u00bb4.9.10&Prime; _module_preset=\u00a0\u00bbdefault\u00a0\u00bb][\/et_pb_image][\/et_pb_column][et_pb_column type=\u00a0\u00bb3_5&Prime; _builder_version=\u00a0\u00bb4.9.10&Prime; _module_preset=\u00a0\u00bbdefault\u00a0\u00bb][et_pb_text _builder_version=\u00a0\u00bb4.9.10&Prime; _module_preset=\u00a0\u00bbdefault\u00a0\u00bb]<\/p>\n<h2>Ville de Montr\u00e9al<\/h2>\n<p>[\/et_pb_text][et_pb_text _builder_version=\u00a0\u00bb4.9.10&Prime; _module_preset=\u00a0\u00bbdefault\u00a0\u00bb custom_margin=\u00a0\u00bb-2px|||||\u00a0\u00bb custom_padding=\u00a0\u00bb0px|||||\u00a0\u00bb hover_enabled=\u00a0\u00bb0&Prime; sticky_enabled=\u00a0\u00bb0&Prime;]<\/p>\n<p>La Ville de Montr\u00e9al reconna\u00eet depuis longtemps l&rsquo;importance historique et culturelle du \u00ab\u00a0Black Rock\u00a0\u00bb, du cimeti\u00e8re et des environs.<\/p>\n<p>Depuis que la Fondation du Parc et Hydro-Qu\u00e9bec l&rsquo;ont approch\u00e9e pour la premi\u00e8re fois en 2017, la Ville de Montr\u00e9al s&rsquo;est s\u00e9rieusement int\u00e9ress\u00e9e \u00e0 l&rsquo;id\u00e9e d&rsquo;avoir un parc comm\u00e9moratif et un espace vert pour compl\u00e9ter la transition de cette zone industrielle en une zone plus adapt\u00e9e \u00e0 un usage communautaire.<\/p>\n<p>Dans le cadre de consultations et de r\u00e9unions approfondies avec les parties prenantes, les parties int\u00e9ress\u00e9es et les personnes du Southwest Burrough tout au long de 2018 et 2019, la Ville de Montr\u00e9al a d\u00e9velopp\u00e9 une vison pour le secteur qui incluait le parc du monument des Irlandais comme un site touristique historique qui servirait \u00e9galement de nouvelle porte d&rsquo;entr\u00e9e de la ville ainsi que de grand espace vert pour tous les Montr\u00e9alais et les visiteurs.<\/p>\n<p>Au printemps 2021, une lettre d&rsquo;intention a \u00e9t\u00e9 remise \u00e0 la Fondation du parc dans laquelle elle s&rsquo;engageait \u00e0 d\u00e9placer la rue Bridge de son emplacement actuel au-dessus du cimeti\u00e8re marqu\u00e9 par la \u00ab\u00a0Black Rock\u00a0\u00bb vers le nord et l&rsquo;est, plus pr\u00e8s de la nouvelle sous-station d&rsquo;Hydro-Qu\u00e9bec qui sera construite au d\u00e9but de 2024.<\/p>\n<p>\u00c0 l&rsquo;automne 2021, la mairesse Plante a inscrit cet engagement dans la plateforme de Vision Montr\u00e9al et a budg\u00e9t\u00e9 15 millions de dollars pour les travaux de relocalisation de la rue Bridge qui seront r\u00e9alis\u00e9s en 2025.<\/p>\n<p>La Ville de Montr\u00e9al est un soutien cl\u00e9 du projet de parc du monument aux Irlandais de Montr\u00e9al, qui constitue un \u00e9l\u00e9ment important du r\u00e9am\u00e9nagement de ce secteur du Southwest Burrough.<\/p>\n<p>[\/et_pb_text][\/et_pb_column][\/et_pb_row][\/et_pb_section][et_pb_section fb_built=\u00a0\u00bb1&Prime; specialty=\u00a0\u00bbon\u00a0\u00bb padding_2_tablet=\u00a0\u00bb60px|50px|60px|50px|true|true\u00a0\u00bb admin_label=\u00a0\u00bbFooter\u00a0\u00bb _builder_version=\u00a0\u00bb3.22&Prime; use_background_color_gradient=\u00a0\u00bbon\u00a0\u00bb background_color_gradient_start=\u00a0\u00bb#ffffff\u00a0\u00bb background_color_gradient_end=\u00a0\u00bbrgba(240,242,246,0.5)\u00a0\u00bb background_color_gradient_direction=\u00a0\u00bb90deg\u00a0\u00bb background_color_gradient_start_position=\u00a0\u00bb70%\u00a0\u00bb background_color_gradient_end_position=\u00a0\u00bb30%\u00a0\u00bb global_module=\u00a0\u00bb95&Prime; saved_tabs=\u00a0\u00bball\u00a0\u00bb][et_pb_column type=\u00a0\u00bb1_2&Prime; specialty_columns=\u00a0\u00bb2&Prime; _builder_version=\u00a0\u00bb3.25&Prime; custom_padding=\u00a0\u00bb|||\u00a0\u00bb custom_padding__hover=\u00a0\u00bb|||\u00a0\u00bb][et_pb_row_inner _builder_version=\u00a0\u00bb3.25&Prime;][et_pb_column_inner saved_specialty_column_type=\u00a0\u00bb1_2&Prime; _builder_version=\u00a0\u00bb3.25&Prime; custom_padding=\u00a0\u00bb|||\u00a0\u00bb custom_padding__hover=\u00a0\u00bb|||\u00a0\u00bb][et_pb_signup mailchimp_list=\u00a0\u00bbSlavaET|42d4a98af1&Prime; layout=\u00a0\u00bbtop_bottom\u00a0\u00bb first_name_field=\u00a0\u00bboff\u00a0\u00bb last_name_field=\u00a0\u00bboff\u00a0\u00bb title=\u00a0\u00bbInscrivez-vous aux mises \u00e0 jour\u00a0\u00bb description=\u00a0\u00bb<\/p>\n<p>Recevez des nouvelles et des mises \u00e0 jour sur la Fondation du Monument Irlandais de Montr\u00e9al directement dans votre bo\u00eete de r\u00e9ception.<\/p>\n<p>\u00a0\u00bb _builder_version=\u00a0\u00bb4.9.10&Prime; form_field_background_color=\u00a0\u00bb#f0f2f6&Prime; header_level=\u00a0\u00bbh4&Prime; header_font=\u00a0\u00bbLato|700|||||||\u00a0\u00bb header_font_size=\u00a0\u00bb24px\u00a0\u00bb header_line_height=\u00a0\u00bb1.5em\u00a0\u00bb body_font=\u00a0\u00bb||||||||\u00a0\u00bb body_font_size=\u00a0\u00bb16px\u00a0\u00bb body_line_height=\u00a0\u00bb1.9em\u00a0\u00bb form_field_font=\u00a0\u00bb|700|||||||\u00a0\u00bb form_field_line_height=\u00a0\u00bb1.5em\u00a0\u00bb use_background_color=\u00a0\u00bboff\u00a0\u00bb custom_button=\u00a0\u00bbon\u00a0\u00bb button_text_size=\u00a0\u00bb16px\u00a0\u00bb button_text_color=\u00a0\u00bb#ffffff\u00a0\u00bb button_bg_color=\u00a0\u00bb#006837&Prime; button_border_width=\u00a0\u00bb10px\u00a0\u00bb button_border_color=\u00a0\u00bbrgba(210,159,104,0)\u00a0\u00bb button_border_radius=\u00a0\u00bb100px\u00a0\u00bb button_font=\u00a0\u00bbLato|900|||||||\u00a0\u00bb button_use_icon=\u00a0\u00bboff\u00a0\u00bb background_layout=\u00a0\u00bblight\u00a0\u00bb header_font_size_tablet=\u00a0\u00bb\u00a0\u00bb header_font_size_phone=\u00a0\u00bb20px\u00a0\u00bb header_font_size_last_edited=\u00a0\u00bbon|phone\u00a0\u00bb border_radii_fields=\u00a0\u00bbon|36px|36px|36px|36px\u00a0\u00bb button_bg_color_hover=\u00a0\u00bb#4159a0&Prime; button_text_size__hover_enabled=\u00a0\u00bboff\u00a0\u00bb button_one_text_size__hover_enabled=\u00a0\u00bboff\u00a0\u00bb button_two_text_size__hover_enabled=\u00a0\u00bboff\u00a0\u00bb button_text_color__hover_enabled=\u00a0\u00bboff\u00a0\u00bb button_one_text_color__hover_enabled=\u00a0\u00bboff\u00a0\u00bb button_two_text_color__hover_enabled=\u00a0\u00bboff\u00a0\u00bb button_border_width__hover_enabled=\u00a0\u00bboff\u00a0\u00bb button_one_border_width__hover_enabled=\u00a0\u00bboff\u00a0\u00bb button_two_border_width__hover_enabled=\u00a0\u00bboff\u00a0\u00bb button_border_color__hover_enabled=\u00a0\u00bboff\u00a0\u00bb button_one_border_color__hover_enabled=\u00a0\u00bboff\u00a0\u00bb button_two_border_color__hover_enabled=\u00a0\u00bboff\u00a0\u00bb button_border_radius__hover_enabled=\u00a0\u00bboff\u00a0\u00bb button_one_border_radius__hover_enabled=\u00a0\u00bboff\u00a0\u00bb button_two_border_radius__hover_enabled=\u00a0\u00bboff\u00a0\u00bb button_letter_spacing__hover_enabled=\u00a0\u00bboff\u00a0\u00bb button_one_letter_spacing__hover_enabled=\u00a0\u00bboff\u00a0\u00bb button_two_letter_spacing__hover_enabled=\u00a0\u00bboff\u00a0\u00bb button_bg_color__hover_enabled=\u00a0\u00bbon|hover\u00a0\u00bb button_bg_color__hover=\u00a0\u00bb#008439&Prime; button_one_bg_color__hover_enabled=\u00a0\u00bboff\u00a0\u00bb button_two_bg_color__hover_enabled=\u00a0\u00bboff\u00a0\u00bb button_bg_enable_color__hover=\u00a0\u00bbon\u00a0\u00bb][\/et_pb_signup][et_pb_social_media_follow _builder_version=\u00a0\u00bb3.10.2&Prime; border_radii=\u00a0\u00bbon|100px|100px|100px|100px\u00a0\u00bb][et_pb_social_media_follow_network social_network=\u00a0\u00bbfacebook\u00a0\u00bb _builder_version=\u00a0\u00bb3.10.2&Prime; background_color=\u00a0\u00bbrgba(0,0,0,0.8)\u00a0\u00bb custom_margin=\u00a0\u00bb|||\u00a0\u00bb custom_padding=\u00a0\u00bb10px|10px|10px|10px|true|true\u00a0\u00bb follow_button=\u00a0\u00bboff\u00a0\u00bb url_new_window=\u00a0\u00bbon\u00a0\u00bb]facebook[\/et_pb_social_media_follow_network][et_pb_social_media_follow_network social_network=\u00a0\u00bbtwitter\u00a0\u00bb _builder_version=\u00a0\u00bb3.10.2&Prime; background_color=\u00a0\u00bbrgba(0,0,0,0.8)\u00a0\u00bb custom_margin=\u00a0\u00bb|||\u00a0\u00bb custom_padding=\u00a0\u00bb10px|10px|10px|10px|true|true\u00a0\u00bb follow_button=\u00a0\u00bboff\u00a0\u00bb url_new_window=\u00a0\u00bbon\u00a0\u00bb]twitter[\/et_pb_social_media_follow_network][et_pb_social_media_follow_network social_network=\u00a0\u00bblinkedin\u00a0\u00bb _builder_version=\u00a0\u00bb3.10.2&Prime; background_color=\u00a0\u00bbrgba(0,0,0,0.8)\u00a0\u00bb custom_margin=\u00a0\u00bb|||\u00a0\u00bb custom_padding=\u00a0\u00bb10px|10px|10px|10px|true|true\u00a0\u00bb follow_button=\u00a0\u00bboff\u00a0\u00bb url_new_window=\u00a0\u00bbon\u00a0\u00bb]linkedin[\/et_pb_social_media_follow_network][et_pb_social_media_follow_network social_network=\u00a0\u00bbinstagram\u00a0\u00bb _builder_version=\u00a0\u00bb3.10.2&Prime; background_color=\u00a0\u00bbrgba(0,0,0,0.8)\u00a0\u00bb custom_margin=\u00a0\u00bb|||\u00a0\u00bb custom_padding=\u00a0\u00bb10px|10px|10px|10px|true|true\u00a0\u00bb follow_button=\u00a0\u00bboff\u00a0\u00bb url_new_window=\u00a0\u00bbon\u00a0\u00bb]instagram[\/et_pb_social_media_follow_network][et_pb_social_media_follow_network social_network=\u00a0\u00bbyoutube\u00a0\u00bb _builder_version=\u00a0\u00bb3.10.2&Prime; background_color=\u00a0\u00bbrgba(0,0,0,0.8)\u00a0\u00bb custom_margin=\u00a0\u00bb|||\u00a0\u00bb custom_padding=\u00a0\u00bb10px|10px|10px|10px|true|true\u00a0\u00bb follow_button=\u00a0\u00bboff\u00a0\u00bb url_new_window=\u00a0\u00bbon\u00a0\u00bb]youtube[\/et_pb_social_media_follow_network][\/et_pb_social_media_follow][\/et_pb_column_inner][\/et_pb_row_inner][\/et_pb_column][et_pb_column type=\u00a0\u00bb1_2&Prime; _builder_version=\u00a0\u00bb3.25&Prime; custom_padding=\u00a0\u00bb|||\u00a0\u00bb padding_tablet=\u00a0\u00bb60px|50px|60px|50px|true|true\u00a0\u00bb custom_padding__hover=\u00a0\u00bb|||\u00a0\u00bb][et_pb_text _builder_version=\u00a0\u00bb4.9.10&Prime; text_font=\u00a0\u00bb||||||||\u00a0\u00bb text_font_size=\u00a0\u00bb16px\u00a0\u00bb text_line_height=\u00a0\u00bb1.9em\u00a0\u00bb link_font=\u00a0\u00bb||||||||\u00a0\u00bb link_text_color=\u00a0\u00bb#ffffff\u00a0\u00bb ul_font=\u00a0\u00bb||||||||\u00a0\u00bb ol_font=\u00a0\u00bb||||||||\u00a0\u00bb quote_font=\u00a0\u00bb||||||||\u00a0\u00bb header_font=\u00a0\u00bb||||||||\u00a0\u00bb header_font_size=\u00a0\u00bb40px\u00a0\u00bb header_2_font=\u00a0\u00bbPlayfair Display|700|||||||\u00a0\u00bb header_2_font_size=\u00a0\u00bb40px\u00a0\u00bb header_2_line_height=\u00a0\u00bb1.5em\u00a0\u00bb header_3_font=\u00a0\u00bb||||||||\u00a0\u00bb header_4_font=\u00a0\u00bbLato|700|||||||\u00a0\u00bb header_4_text_color=\u00a0\u00bbrgba(255,255,255,0.4)\u00a0\u00bb header_4_font_size=\u00a0\u00bb16px\u00a0\u00bb header_4_line_height=\u00a0\u00bb1.5em\u00a0\u00bb background_color=\u00a0\u00bb#006837&Prime; background_layout=\u00a0\u00bbdark\u00a0\u00bb custom_margin=\u00a0\u00bb|||\u00a0\u00bb custom_padding=\u00a0\u00bb60px|40px|60px|40px|true|true\u00a0\u00bb header_font_size_tablet=\u00a0\u00bb30px\u00a0\u00bb header_font_size_phone=\u00a0\u00bb24px\u00a0\u00bb header_font_size_last_edited=\u00a0\u00bbon|phone\u00a0\u00bb header_2_font_size_tablet=\u00a0\u00bb30px\u00a0\u00bb header_2_font_size_phone=\u00a0\u00bb\u00a0\u00bb header_2_font_size_last_edited=\u00a0\u00bbon|tablet\u00a0\u00bb box_shadow_style=\u00a0\u00bbpreset3&Prime; box_shadow_vertical=\u00a0\u00bb100px\u00a0\u00bb box_shadow_blur=\u00a0\u00bb100px\u00a0\u00bb box_shadow_spread=\u00a0\u00bb-60px\u00a0\u00bb]<\/p>\n<h2>Contact<\/h2>\n<h4>T\u00e9l\u00e9phone<\/h4>\n<p><a href=\"#\">(514)-949-2710<\/a><\/p>\n<p>&nbsp;<\/p>\n<h4>Adresse<\/h4>\n<p>523 rue Charon Montreal, Quebec. H3K 2P4 <\/p>\n<p>[\/et_pb_text][\/et_pb_column][\/et_pb_section]<\/p>\n","protected":false},"excerpt":{"rendered":"<p>Partenaires FONDATION DU PARC COMM\u00c9MORATIF IRLANDAIS DE MONTR\u00c9AL Un projet visant \u00e0 construire un magnifique parc comm\u00e9moratif de classe mondiale et un espace vert culturel du c\u00f4t\u00e9 montr\u00e9alais du pont Victoria, autour du Rocher Noir Cet espace comm\u00e9morera les plus de 6000 immigrants irlandais, fuyant la grande famine en Irlande, qui sont morts et ont [&hellip;]<\/p>\n","protected":false},"author":1,"featured_media":0,"parent":0,"menu_order":0,"comment_status":"closed","ping_status":"closed","template":"","meta":{"_et_pb_use_builder":"on","_et_pb_old_content":"","_et_gb_content_width":"","footnotes":""},"difl_page_category":[],"class_list":["post-953","page","type-page","status-publish","hentry"],"_links":{"self":[{"href":"https:\/\/montrealirishmonument.com\/fr\/wp-json\/wp\/v2\/pages\/953","targetHints":{"allow":["GET"]}}],"collection":[{"href":"https:\/\/montrealirishmonument.com\/fr\/wp-json\/wp\/v2\/pages"}],"about":[{"href":"https:\/\/montrealirishmonument.com\/fr\/wp-json\/wp\/v2\/types\/page"}],"author":[{"embeddable":true,"href":"https:\/\/montrealirishmonument.com\/fr\/wp-json\/wp\/v2\/users\/1"}],"replies":[{"embeddable":true,"href":"https:\/\/montrealirishmonument.com\/fr\/wp-json\/wp\/v2\/comments?post=953"}],"version-history":[{"count":5,"href":"https:\/\/montrealirishmonument.com\/fr\/wp-json\/wp\/v2\/pages\/953\/revisions"}],"predecessor-version":[{"id":1123,"href":"https:\/\/montrealirishmonument.com\/fr\/wp-json\/wp\/v2\/pages\/953\/revisions\/1123"}],"wp:attachment":[{"href":"https:\/\/montrealirishmonument.com\/fr\/wp-json\/wp\/v2\/media?parent=953"}],"wp:term":[{"taxonomy":"difl_page_category","embeddable":true,"href":"https:\/\/montrealirishmonument.com\/fr\/wp-json\/wp\/v2\/difl_page_category?post=953"}],"curies":[{"name":"wp","href":"https:\/\/api.w.org\/{rel}","templated":true}]}}